{"id":392,"date":"2022-07-05T14:41:26","date_gmt":"2022-07-05T14:41:26","guid":{"rendered":"http:\/\/178.32.97.252\/?page_id=392"},"modified":"2026-02-11T10:17:27","modified_gmt":"2026-02-11T10:17:27","slug":"visiting-scholars_and_lectures","status":"publish","type":"page","link":"https:\/\/master-cne.eu\/index.php\/visiting-scholars_and_lectures\/","title":{"rendered":"Visiting Scholars and Lectures"},"content":{"rendered":"[vc_row][vc_column][vc_column_text]<strong>Erasmus Mundus Joint Master<\/strong> (EMJM) scholarships are available for visiting researchers who want to carry out teaching assignments and research projects for the Erasmus Mundus Masters in Chemical Nanoengineering. Scholarships can be awarded to guest lecturers from any country, who bring added value to the student intake in terms of student-centred teaching\/lecturing and related activities. They will be selected by the CNE consortium to contribute to the joint programme within the Partner institutions.<\/p>\n<p>EMJM scholars holding an Erasmus Mundus scholarship will:<\/p>\n<ol>\n<li>Commit themselves to actively participate in the masters course activities;<\/li>\n<li>Spend a minimum of 1 week in any partner institution;<\/li>\n<li>Perform teaching\/research\/student tutoring activities in at least one of the partner institution;<\/li>\n<li>Contribute, after their visiting scholar activities, to the promotion and dissemination of the Erasmus Mundus Programme in their university and country of origin.<\/li>\n<\/ol>\n[\/vc_column_text]<div class=\"vcex-spacing wpex-w-100 wpex-clear\" style=\"height:10px;\"><\/div><div class=\"vcex-module wpex-alert wpex-alert-warning\">Scholars can apply to the program for a stay of 1 week minimum and 3 weeks maximum in one of the partners institutions (Marseille, Rome, Wroclaw). The amount of the scholarship is fixed at <strong>2,000 \u20ac<\/strong> for the first week of the visit if the scholar is coming from any country outside of Europe, and at <strong>1,500 \u20ac<\/strong> for the first week of the visit if the scholar is coming from any European countries. The scholarship of <strong>1,000 \u20ac\/week<\/strong> is to be granted for each following week of the scholar\u2019s visit.<\/div><div class=\"vcex-spacing wpex-w-100 wpex-clear\" style=\"height:20px;\"><\/div>[vc_column_text]Please send a CV with a teaching project (1 page) describing your possible contribution (teaching \/ student tutoring) to\u00a0<strong>Professor Philippe Knauth\u00a0<\/strong>at mail\u00a0<strong>philippe.knauth@univ-amu.fr<\/strong>[\/vc_column_text]<div class=\"vcex-spacing wpex-w-100 wpex-clear\"><\/div>[\/vc_column][\/vc_row][vc_row][vc_column]<h2 class=\"vcex-heading vcex-module wpex-text-2xl wpex-font-normal wpex-m-auto wpex-max-w-100 vcex-heading-bottom-border-w-color wpex-block vc_custom_1657034559261 wpex-border-b-2 wpex-border-solid wpex-border-main\" style=\"font-size:var(--wpex-text-2xl);\"><span class=\"vcex-heading-inner wpex-inline-block wpex-clr wpex-relative wpex-pb-5 wpex-border-b-2 wpex-border-solid wpex-border-accent\">Previous invited lectures<\/span><\/h2>[vc_tta_tabs style=&#8221;total&#8221; active_section=&#8221;1&#8243; css=&#8221;.vc_custom_1657032044968{padding-bottom: 50px !important;}&#8221;][vc_tta_section title=&#8221;CNE #1&#8243; tab_id=&#8221;1657031731432-44f540e9-9a3d&#8221;]<div class=\"vcex-spacing wpex-w-100 wpex-clear\"><\/div>[vc_column_text]\n<ul>\n<li><strong>Prof. Dr. Candido F. Pirri<\/strong><br \/>\nPolitecnico of Torino, Italy<br \/>\nRome, 13.01.2020<br \/>\n<a title=\"Prof. Dr. Candido F. Pirri\" href=\"\/wp-content\/uploads\/2022\/07\/Seminar_Pirri.pdf\" target=\"_blank\" rel=\"noopener\">Advances in nanomaterials and technologies for bio applications<\/a><\/li>\n<li><strong>prof. Roland Habchi<\/strong> Lebanese University, Lebanon<br \/>\nMarseille, 1-7.12.2019<br \/>\n<a title=\"Prof. Roland Habchi Seminars\" href=\"\/wp-content\/uploads\/2022\/07\/Roland_Habchi_Mission_report.pdf\">Nanostructured solar cells, nanomaterials and photocatalysis<\/a><\/li>\n<li><strong>Prof. Giovanni Maglia<\/strong><br \/>\nUniversity of Groningen<br \/>\nRome, 3.12.2019<br \/>\n<a title=\"Prof. Giovanni Maglia\" href=\"\/wp-content\/uploads\/2022\/07\/Prof_G_Maglia_Seminar.pdf\"> Biological nanopores in nanotechnology<\/a><\/li>\n<li><strong>Prof. Dr. Alexandre M.J.J. Bonvin<\/strong><br \/>\nComputational Structural Biology Group, Department of Chemistry, Utrecht University, The Netherlands.<br \/>\nRome, 11.12.2019<br \/>\n<a title=\"Prof. Dr. Alexandre M.J.J. Bonvin lectures\" href=\"\/wp-content\/uploads\/2022\/07\/Prof_Dr_Alexandre_M_J_J_Bonvin_Seminar.pdf\"> Integrative modelling of biomolecular complexes <\/a><\/li>\n<li><strong>Prof. Eugene Smotkin<\/strong> (scholar),<br \/>\nDepartment of Chemistry and Chemical Biology, Northeastern University,<br \/>\nMA Chief Executive Officer, NuVant Systems Inc., IN<br \/>\nRome, 18-28.11.2019<br \/>\n<a title=\"Prof. Eugene Smotkin lectures\" href=\"\/wp-content\/uploads\/2022\/07\/Prof_Eugene_Smotkin_Lectures.pdf\"> Operando Spectroscopy of polymer electrolyte\/catalyst interfaces<\/a><\/li>\n<li><strong>S\u00e9bastien Balme<\/strong>, Universit\u00e9 de Montpellier CNRS ENSCM,<br \/>\nRome, 8.11.2019<br \/>\n<a title=\"Sbastien Balme seminar\" href=\"\/wp-content\/uploads\/2022\/07\/Abstract_seminar_Sbastien_Balme.pdf\"> Bio-inspired nanopore: from fundamental transport properties to applications<\/a><\/li>\n<li><strong>Dr. Patrick Steglich<\/strong>, Technische Hochschule Wildau<br \/>\nRome, 25.10.2019<br \/>\n<a title=\"Dr. Patrick Steglich lectures\" href=\"\/wp-content\/uploads\/2022\/07\/PATRICK_Steglich_Sensor_Lectures.pdf\"> Chip-Integrated Optical Biosensors based on Ring Resonators <\/a><\/li>\n<li><strong>Dr. Gerhard Auer<\/strong>, Xtract GmbH<br \/>\nRome, 22.10.2019<br \/>\n<a title=\"Dr. Gerhard Auer seminar\" href=\"\/wp-content\/uploads\/2022\/07\/Dr_G_Auer_Seminar.pdf\"> Patents in Real Life<\/a><\/li>\n<li><strong>Prof. Dr. Silvia Schintke<\/strong> (scholar),\u00a0HEIG-VD\/HES-SO, Switzerland<br \/>\nRome, 16.10.2019 &#8211; 18.10.2019<br \/>\n<a title=\"Prof. Dr. Silvia Schintke Seminars\" href=\"\/wp-content\/uploads\/2022\/07\/Prof_Dr_Silvia_Schintke_Seminars.pdf\">Scannning probe microscopy and plasmonic nanoparticles<\/a><\/li>\n<\/ul>\n[\/vc_column_text][\/vc_tta_section][vc_tta_section title=&#8221;CNE #2&#8243; tab_id=&#8221;1657031731449-e17bb2a5-aac8&#8243;]<div class=\"vcex-spacing wpex-w-100 wpex-clear\"><\/div>[vc_column_text]\n<ul>\n<li><strong>Dr. Lionel Santinacci,<\/strong> Center for Interdisciplinary Nanoscience of Marseille (CINaM); Aix-Marseille University, France<br \/>\nRome, 11-19.11.2020<br \/>\n<a title=\"Dr. Lionel Santinacci Seminars\" href=\"\/wp-content\/uploads\/2022\/07\/2021_Dr_L_Santinacci.pdf\">Atomic Layer Deposition<\/a><\/li>\n<li><strong>Dr. Sabrina Botti,<\/strong> ENEA CR Frascati &#8211; Fusion and Technologies for Nuclear Safety and Security, Italy<br \/>\nRome, 26.11.2020<br \/>\n<a title=\"Dr. Sabrina Botti Seminars\" href=\"\/wp-content\/uploads\/2022\/07\/2021_Sabrina_Botti.pdf\">Raman spectroscopy and its applications<\/a><\/li>\n<li><strong>Prof. Daniele Di Marino,<\/strong> Dep of Life and Environmental Science, Marche Polytechnic University, Italy<br \/>\nRome, 24.11.2020<br \/>\n<a title=\"Prof. Daniele Di Marino Seminars\" href=\"\/wp-content\/uploads\/2022\/07\/2021_Daniele_Di_Marino.pdf\">A graphene-based biosensor to detect the Sars-Cov-2 virus<\/a><\/li>\n<li><strong>Dr. Gerhard Auer,<\/strong> Xtract GmbH<br \/>\nRome, 26-27.10.2020<br \/>\n<a title=\"Dr. Gerhard Auer Seminars\" href=\"\/wp-content\/uploads\/2022\/07\/2021_Auer.pdf\">Patents in Real Life<\/a><\/li>\n<li><strong>Dr. Patrick Steglich,<\/strong> Technische Hochschule Wildau, Germany, and Leibniz-Institut f\u00fcr innovative Mikroelektronik, Germany<br \/>\nRome, 03.12.2020<br \/>\n<a title=\"Dr. Patrick Steglich\" href=\"\/wp-content\/uploads\/2022\/07\/2021_Steglich.pdf\">Photonic Biosensors in a CMOS-Technology<\/a><\/li>\n<li><strong>Prof. Alexandre M.J.J. Bonvin,<\/strong> Computational Structural Biology Group, Department of Chemistry, Faculty of Science, Utrecht University, 3584CH, Utrecht, The\u00a0Netherlands<br \/>\nRome, 11.12.2020<br \/>\n<a title=\"Prof. Alexandre M.J.J. Bonvin Seminars\" href=\"\/wp-content\/uploads\/2022\/07\/2021_Bonvin.pdf\">Integrative modelling of biomolecular complexes<\/a><\/li>\n<li><strong>Prof. \u202aRoberto Pizzoferrato<\/strong> University of Rome Tor Vergata<br \/>\nRome, 13.10.2020<br \/>\n<a title=\"Prof. \u202aRoberto PizzoferratoSeminars\" href=\"\/wp-content\/uploads\/2022\/07\/Prof_Pizzoferrato_Fluorescence_spectroscopy.pdf\">Fluorescence spectroscopy<\/a><\/li>\n<\/ul>\n[\/vc_column_text][\/vc_tta_section][vc_tta_section title=&#8221;CNE #3&#8243; tab_id=&#8221;1657032003753-025e379b-9cb7&#8243;]<div class=\"vcex-spacing wpex-w-100 wpex-clear\"><\/div>[vc_column_text]\n<ul>\n<li><strong>Dr. Prof. Belen Levenfeld Laredo,<\/strong> Material Science and Engineering Department, Universidad Carlos III de Madrid, Legan\u00e9s,\u00a0 Spain<br \/>\nRome, 8-11.11.2021<br \/>\n<a title=\"Dr. Prof. Belen Levenfeld Laredo Seminars\" href=\"\/wp-content\/uploads\/2022\/07\/2122_Laredo.pdf\">Materials for energy production and storage<\/a><\/li>\n<li><strong>\u00a0Dr. Lionel Santinacci,<\/strong> Center for Interdisciplinary Nanoscience of Marseille (CINaM); Aix-Marseille University, France<br \/>\nRome, 12-17.11.2021<br \/>\n<a title=\"Dr. Lionel Santinacci Seminars\" href=\"\/wp-content\/uploads\/2022\/07\/2122_Santinacci.pdf\">Atomic Layer Deposition<\/a><\/li>\n<li><strong>Dr. Gerhard Auer,<\/strong>\u00a0Xtract GmbH<br \/>\nRome, 26-27.10.2020<br \/>\n<a title=\"Dr. Gerhard Auer Seminars\" href=\"\/wp-content\/uploads\/2022\/07\/2122_Auer.pdf\">Patents in Real Life<\/a><\/li>\n<li><strong>Dr. Sabrina Botti,<\/strong>\u00a0ENEA CR Frascati &#8211; Fusion and Technologies for Nuclear Safety and Security, Italy<br \/>\nRome, 26.11.2020<br \/>\n<a title=\"Dr. Sabrina Botti Seminars\" href=\"\/wp-content\/uploads\/2022\/07\/2021_Sabrina_Botti_1.pdf\">Raman spectroscopy and its applications<\/a><\/li>\n<li><strong>Dr. Patrick Steglich,<\/strong>\u00a0Technische Hochschule Wildau, Germany, and Leibniz-Institut f\u00fcr innovative Mikroelektronik, Germany<br \/>\nRome, 29.11.2021<br \/>\n<a title=\"Dr. Patrick Steglich\" href=\"\/wp-content\/uploads\/2022\/07\/2021_Steglich_1.pdf\">Photonic Biosensors in a CMOS-Technology<\/a><\/li>\n<li><strong>Prof. Alexandre M.J.J. Bonvin,<\/strong>\u00a0Computational Structural Biology Group, Department of Chemistry, Faculty of Science, Utrecht University, 3584CH, Utrecht, The\u00a0Netherlands<br \/>\nRome, 3.12.2021<br \/>\n<a title=\"Prof. Alexandre M.J.J. Bonvin Seminars\" href=\"\/wp-content\/uploads\/2022\/07\/2021_Bonvin_1.pdf\">Integrative modelling of biomolecular complexes<\/a><\/li>\n<\/ul>\n[\/vc_column_text][\/vc_tta_section][vc_tta_section title=&#8221;CNE #4&#8243; tab_id=&#8221;1666004077468-33130f11-c1df&#8221;]<div class=\"vcex-spacing wpex-w-100 wpex-clear\"><\/div>[vc_column_text]\n<ul>\n<li><strong>Prof. Paloma Fern\u00e1ndez S\u00e1nchez (scholar), <\/strong>Department of Materials Physics, Faculty of Physical Sciences, Complutense University of Madrid Spain, Rome 27 September &#8211; 7 October 2022<br \/>\n<a href=\"\/wp-content\/uploads\/2022\/10\/Prof.-Paloma-Fernandez.-Lectures.pdf\">Metal oxide nanomaterials: Properties and applications<\/a><\/li>\n<li><strong>Dr. Gerhard Auer, <\/strong>Xtract GmbH, Germany, Rome 24.10.2022<br \/>\n<a href=\"\/wp-content\/uploads\/2022\/10\/Seminar-Dr.-G.-Auer.pdf\">Patents in Real Life<\/a><\/li>\n<li><strong>Prof. Alexandre M.J.J. Bonvin, <\/strong>Computational Structural Biology Group, Department of Chemistry, Faculty of Science, Utrecht University, 3584CH, Utrecht, The Netherlands. Rome 29.11.2022<br \/>\n<a href=\"\/wp-content\/uploads\/2022\/10\/Seminar-Prof.-M.J.J.-Bonvin.pdf\">Integrative modelling of biomolecular complexes<\/a><\/li>\n<li><strong>Prof. Jos\u00e9 Ram\u00f3n Gal\u00e1n-Mascar\u00f3s (scholar), <\/strong>Institute of Chemical Research of Catalonia (ICIQ) The Barcelona. Institute of Science and Technology. Tarragona (Spain). Rome 13-21 December 2022.<br \/>\n<a href=\"\/wp-content\/uploads\/2023\/01\/Scholar.-Jose-Ramon-Galan-Mascaros.pdf\">Nanostructures and electrocatalysis for green hydrogen production<\/a><\/li>\n<li><strong>Dr. Giuseppe Barbieri, <\/strong>Institute on Membrane Technology \u2013 National Research Council (ITM-CNR), Italy. Rome 12 January 2023.<br \/>\n<a href=\"\/wp-content\/uploads\/2023\/01\/Seminar-Dr.-G.-Barbieri.pdf\">Membrane gas separation<\/a><\/li>\n<li><strong>Prof. Frans A.A. Mulder, <\/strong>Johannes Kepler University Austria &amp; Aarhus University, Denmark. Rome 28 November 2022.<br \/>\n<a href=\"\/wp-content\/uploads\/2023\/01\/Seminar-Prof.-AA-Mulder.pdf\">Studying protein electrostatics by NMR experiments<\/a><\/li>\n<\/ul>\n[\/vc_column_text][\/vc_tta_section][vc_tta_section title=&#8221;CNE #5&#8243; tab_id=&#8221;1708936995721-9ebf22c4-5309&#8243;]<div class=\"vcex-spacing wpex-w-100 wpex-clear\"><\/div>[vc_column_text]\n<ul>\n<li><strong>Prof. Paloma Fern\u00e1ndez S\u00e1nchez (scholar),<\/strong> Department of Materials Physics, Faculty of Physical Sciences, Complutense University of Madrid (Spain). Rome 21 \u2013 30 November 2023<br \/>\n<a href=\"\/wp-content\/uploads\/2024\/02\/Scholar-Prof.-Paloma-Fernandez.pdf\">Metal oxide nanomaterials: Properties and applications<\/a><\/li>\n<li><strong>Prof. Jos\u00e9 Ram\u00f3n Gal\u00e1n-Mascar\u00f3s (scholar),<\/strong> Institute of Chemical Research of Catalonia (ICIQ). The Barcelona. Institute of Science and Technology. Tarragona (Spain). Rome 7-16 November 2023.<br \/>\n<a href=\"\/wp-content\/uploads\/2024\/02\/Scholar-Prof.-JR-Galan-Mascaros.pdf\">Nanostructures and electrocatalysis for green hydrogen production<\/a><\/li>\n<li><strong>Dr. Gerhard Auer,<\/strong> Xtract GmbH (Germany). Rome 9 October 2023<br \/>\n<a href=\"\/wp-content\/uploads\/2024\/02\/Seminar-G.-Auer.pdf\">Patents in Real Life<\/a><\/li>\n<li><strong>Prof. Assunta Marrocchi,<\/strong> Department of Chemistry, Biology and Biotechnology<br \/>\nUniversity of Perugia (Italy). Rome 31 October 2023<br \/>\n<a href=\"\/wp-content\/uploads\/2024\/02\/Seminar-Prof.-A.-Marrocchi.pdf\">Green Chemistry: Paradigm, Principles, and Impact<\/a><\/li>\n<li><strong>Prof. Philippe Savarin,<\/strong> Sorbonne Paris Cit\u00e9 PARIS 13 University, Sorbonne Paris Cit\u00e9, CSPBAT, UMR 7244 (France). Rome 8 November 2023<br \/>\n<a href=\"\/wp-content\/uploads\/2024\/02\/Seminar-Prof.-Philippe-Savarin.pdf\">Metabolomics fingerprints of different pathologies<\/a><\/li>\n<li><strong>Prof. Alexandre M.J.J. Bonvin,<\/strong> Computational Structural Biology Group, Department of Chemistry, Faculty of Science, Utrecht University, 3584CH, Utrecht (The Netherlands). Rome 19.12.2023<br \/>\n<a href=\"\/wp-content\/uploads\/2024\/02\/Seminar-Prof.-M.J.J.-Bonvin.pdf\">Integrative modelling of biomolecular complexes<\/a><\/li>\n<li><strong>Prof. Eugene Smotkin (scholar)<\/strong>, Department of Chemistry and Chemical Biology, Northeastern University, Summer School, 22 June 2023.<br \/>\n<a href=\"\/wp-content\/uploads\/2025\/01\/Lectures-Eugene-Smotkin.pdf\">Polymer electrolyte structure, applications, vibrational spectroscopy<\/a><\/li>\n<li><strong>Prof. Lucyna Firlej (scholar)<\/strong>, Laboratoire Charles Coulomb University of Montpellier, France Summer School 19-21 June 2023<br \/>\nEnergy today. Hydrogen economy: myths and facts.<\/li>\n<li><strong>Prof. Roland Habchi (scholar)<\/strong>, Department of Physics, Fanar Lebanese University (Lebanon). Summer School 24 June 2023<br \/>\nNanostructuring of dye sensitized solar cells.<\/li>\n<\/ul>\n[\/vc_column_text][\/vc_tta_section][vc_tta_section title=&#8221;CNE #6&#8243; tab_id=&#8221;1727255853556-cde23184-aa57&#8243;]<div class=\"vcex-spacing wpex-w-100 wpex-clear\"><\/div>[vc_column_text]\n<ul>\n<li><strong>Prof. Ilie Hanzu (scholar)<\/strong>, Institute for Chemistry and Technology of Materials, Graz University of Technology (Austria). Marseille November 2023.<\/li>\n<li><strong>Prof. Roland Habchi (scholar)<\/strong>, Department of Physics, Fanar Lebanese University (Lebanon). Rome 22-31 October 2024.<br \/>\n<a href=\"\/wp-content\/uploads\/2025\/01\/Lectures-Roland-Habchi.pdf\">Exploring Raman Spectroscopy and AFM Microscopy: A Comprehensive Lecture Series<\/a><\/li>\n<li><strong>Prof. Assunta Marrocchi<\/strong>, Department of Chemistry, Biology and Biotechnology, University of Perugia (Italy). Rome 5 November 2024.<br \/>\n<a href=\"\/wp-content\/uploads\/2025\/01\/Seminar-A.Marrocchi.pdf\">Green Chemistry: Paradigm, Principles, and Impact<\/a><\/li>\n<li><strong>Dr. Gerhard Auer<\/strong>, Xtract GmbH (Germany). Rome 18-20 November 2024.<br \/>\n<a href=\"\/wp-content\/uploads\/2025\/01\/Seminar-G.-Auer.pdf\">Patents in Real Life<\/a><\/li>\n<li><strong>Prof. Jos\u00e9 Ram\u00f3n Gal\u00e1n-Mascar\u00f3s (scholar)<\/strong>, Institute of Chemical Research of Catalonia (ICIQ). The Barcelona. Institute of Science and Technology. Tarragona (Spain). Rome 2-4 December 2024.<br \/>\n<a href=\"\/wp-content\/uploads\/2025\/01\/Jose-Ramon-Galan-Mascaros.-Lectures.pdf\">Nanostructures and electrocatalysis for green hydrogen production<\/a><\/li>\n<li><strong>Prof. Silvia Schintke (scholar)<\/strong>, HEIG-VD\/HES-SO, Switzerland Summer School, 24-25 June 2024.<br \/>\n<a href=\"\/wp-content\/uploads\/2025\/01\/Lectures-Silvia-Schintke.pdf\">Flexible nanocomposite electrodes for sensing applications<\/a><\/li>\n<li><strong>Dr. Giuseppe Barbieri (scholar)<\/strong>, Institute on Membrane Technology \u2013 National Research Council (ITM-CNR), Italy. Summer School, 28 June 2024.<br \/>\n<a href=\"\/wp-content\/uploads\/2025\/01\/Lectures-Giuseppe-Barbieri.pdf\">Gas Separation. Design of a membrane separation system<\/a><\/li>\n<li><strong>Prof. Abkarian Manouk (scholar)<\/strong>, Universit\u00e9 de Montpellier, France. Summer School, 25 June 2024.<br \/>\n<a href=\"\/wp-content\/uploads\/2025\/01\/Lectures-Prof.-Abkarian-Manouk.pdf\">Microfluidics to study blood flow at the microcirculatory scale<\/a><\/li>\n<li><strong>Dr. Michele Sisani<\/strong>, PROLABIN&amp;TEFARM Summer School, 26 June 2024.<br \/>\nA general company presentation, the activity with some applicative examples.<\/li>\n<li><strong>Dr. Maria Bastianini<\/strong>, PROLABIN&amp;TEFARM Summer School, 26 June 2024.<br \/>\nR&amp;D activity<\/li>\n<\/ul>\n[\/vc_column_text][\/vc_tta_section][vc_tta_section title=&#8221;CNE #7&#8243; tab_id=&#8221;1737027736765-4bf24bbf-f81f&#8221;]<div class=\"vcex-spacing wpex-w-100 wpex-clear\"><\/div>[vc_column_text]\n<ul>\n<li><strong>Prof. Christine Kranz (scholar)<\/strong>, Institute of Analytical and Bioanalytical Chemistry Univ. Ulm, Germany. December 3rd-6th, 2024.<br \/>\n<a href=\"\/wp-content\/uploads\/2025\/01\/Lectures-Prof.-Christine-Kranz.pdf\">Scanning electrochemical probe microscopy: Studies of nanomaterials<\/a><\/li>\n<li><strong>Dr. Bartolucci Lorenzo<\/strong>, Sustainable and Clean Energy Research Group, SCERG (Italy) Summer School 2025<\/li>\n<li><strong>Dr. Duch\u00e9 David<\/strong>, IM2NP (France) Summer School 2025<\/li>\n<li><strong>Dr. Barbieri Giuseppe<\/strong>, Institute on Membrane Technology \u2013 National Research Council (ITM-CNR), Italy. Summer School 2025.<\/li>\n<li><strong>Prof. Habchi Roland<\/strong>, Department of Physics, Fanar Lebanese University (Lebanon)<\/li>\n<li><strong>Prof. St\u00e9phane Viel<\/strong>, Institut de Chimie Radicalaire ICR (France)<\/li>\n<\/ul>\n[\/vc_column_text][\/vc_tta_section][\/vc_tta_tabs][\/vc_column][\/vc_row]\n","protected":false},"excerpt":{"rendered":"<p>[vc_row][vc_column][vc_column_text]Erasmus Mundus Joint Master (EMJM) scholarships are available for visiting researchers who want to carry out teaching assignments and research projects for the Erasmus Mundus Masters in Chemical Nanoengineering. Scholarships can be awarded to guest lecturers from any country, who bring added value to the student intake in terms of student-centred teaching\/lecturing and related activities.&hellip;<\/p>\n","protected":false},"author":2,"featured_media":0,"parent":0,"menu_order":0,"comment_status":"closed","ping_status":"closed","template":"","meta":[],"_links":{"self":[{"href":"https:\/\/master-cne.eu\/index.php\/wp-json\/wp\/v2\/pages\/392"}],"collection":[{"href":"https:\/\/master-cne.eu\/index.php\/wp-json\/wp\/v2\/pages"}],"about":[{"href":"https:\/\/master-cne.eu\/index.php\/wp-json\/wp\/v2\/types\/page"}],"author":[{"embeddable":true,"href":"https:\/\/master-cne.eu\/index.php\/wp-json\/wp\/v2\/users\/2"}],"replies":[{"embeddable":true,"href":"https:\/\/master-cne.eu\/index.php\/wp-json\/wp\/v2\/comments?post=392"}],"version-history":[{"count":39,"href":"https:\/\/master-cne.eu\/index.php\/wp-json\/wp\/v2\/pages\/392\/revisions"}],"predecessor-version":[{"id":1502,"href":"https:\/\/master-cne.eu\/index.php\/wp-json\/wp\/v2\/pages\/392\/revisions\/1502"}],"wp:attachment":[{"href":"https:\/\/master-cne.eu\/index.php\/wp-json\/wp\/v2\/media?parent=392"}],"curies":[{"name":"wp","href":"https:\/\/api.w.org\/{rel}","templated":true}]}}